{"id":2923,"date":"2023-03-04T09:28:06","date_gmt":"2023-03-04T09:28:06","guid":{"rendered":"https:\/\/ambertoursturai.lt\/datenschutz-bestimmungen\/"},"modified":"2023-03-07T08:51:11","modified_gmt":"2023-03-07T08:51:11","slug":"datenschutz-bestimmungen","status":"publish","type":"page","link":"https:\/\/ambertoursturai.lt\/de\/datenschutz-bestimmungen\/","title":{"rendered":"Datenschutz-Bestimmungen"},"content":{"rendered":"<p>Diese Datenschutz- und Cookie-Richtlinie (im Folgenden \u2013 die Richtlinie) gilt f\u00fcr alle Benutzer der Amber Tours-Website. Diese Richtlinie gilt nicht, wenn Sie Websites Dritter besuchen, auf die Sie \u00fcber die Amber Tours-Website zugegriffen haben.<\/p>\n<p>Wir sammeln Informationen \u00fcber unsere Website-Benutzer in \u00dcbereinstimmung mit dem Gesetz zum rechtlichen Schutz personenbezogener Daten der Republik Litauen, dem Gesetz \u00fcber elektronische Kommunikation der Republik Litauen, den EU-Gesetzen zum Schutz personenbezogener Daten und anderen damit zusammenh\u00e4ngenden Gesetzen und Vorschriften zur Kontrolle Beh\u00f6rden.<\/p>\n<h2>Welche Informationen wir sammeln<\/h2>\n<p>Wir verwenden Cookies, um Informationen \u00fcber die Aktivit\u00e4ten der Benutzer auf unserer Website zu sammeln. Die Arten und Zwecke von Cookies sind in der folgenden Tabelle beschrieben.<\/p>\n<p>Wir haben geeignete Sicherheitsma\u00dfnahmen getroffen, um den Verlust, Missbrauch oder die \u00c4nderung von Informationen zu verhindern, die wir \u00fcber die Benutzer der Amber Tours-Website gesammelt haben. Die Mitarbeiter von Amber Tours verpflichten sich schriftlich, keine Informationen \u00fcber die Kunden des Unternehmens an Dritte weiterzugeben oder weiterzugeben, einschlie\u00dflich Informationen \u00fcber die Benutzer der Website von Amber Tours.<\/p>\n<h2>Die Verwendung von Cookies<\/h2>\n<p>Wenn Sie auf der Website von Amber Tours surfen, versuchen wir, Informationen und Funktionen anzuzeigen, die auf Ihre Interessen zugeschnitten sind. Wir verwenden Cookies, um Ihnen ein personalisiertes Erlebnis zu bieten. Cookies sind kleine Textdateien, die von Ihrem Webbrowser gespeichert werden. Sie helfen uns, Sie wiederzuerkennen, wenn Sie auf unsere Website zur\u00fcckkehren, Informationen \u00fcber Ihre Nutzung der Website zu sammeln und den Inhalt der Website an Ihren Interessen auszurichten. Cookies helfen uns auch, das ordnungsgem\u00e4\u00dfe Funktionieren der Website sicherzustellen, die Dauer und H\u00e4ufigkeit der Besuche auf der Amber Tours-Website zu \u00fcberwachen und statistische Informationen \u00fcber die Anzahl der Website-Benutzer zu sammeln. Durch die Analyse dieser Informationen k\u00f6nnen wir die Leistung unserer Website und Ihr Benutzererlebnis verbessern. Wenn Sie die Website von Amber Tours besuchen, k\u00f6nnen Sie ausw\u00e4hlen, ob Sie Cookies akzeptieren m\u00f6chten. Wenn Sie keine Cookies auf Ihrem Computer oder einem anderen Ger\u00e4t erhalten m\u00f6chten, k\u00f6nnen Sie Ihre Zustimmung jederzeit widerrufen, indem Sie Ihre Browsereinstellungen \u00e4ndern und bereits gespeicherte Cookies l\u00f6schen.<\/p>\n<h2>Arten von Cookies<\/h2>\n<p>Zu den Cookies z\u00e4hlen Session-Cookies und Langzeit-Cookies sowie First-Party- oder Third-Party-Cookies. Die Definitionen dieser Begriffe finden Sie unten, damit Sie die Art und den Zweck unserer Cookies besser verstehen k\u00f6nnen.<\/p>\n<p><strong>Sitzungscookies<\/strong><br \/>\nSitzungscookies erm\u00f6glichen es, Benutzer f\u00fcr die Dauer einer einzelnen Sitzung wiederzuerkennen, sodass alle Seiten\u00e4nderungen oder Elementauswahlen gespeichert werden, wenn sie von Seite zu Seite wechseln. Diese Cookies machen das Navigieren auf zahlreichen Webseiten schneller und einfacher, da die Informationen nicht wiederholt verarbeitet werden m\u00fcssen, wenn eine neue Seite ge\u00f6ffnet wird. Sitzungscookies sind tempor\u00e4r und verschwinden, sobald Sie Ihren Browser schlie\u00dfen oder sich von der Website abmelden.<\/p>\n<p><strong>Langzeit-Cookies<\/strong><br \/>\nLangzeit-Cookies werden nach dem Ende Ihrer Sitzung f\u00fcr einen bestimmten Zeitraum auf Ihrem Computer gespeichert und k\u00f6nnen bestimmte Benutzereinstellungen oder -aktionen aufzeichnen, wenn der Benutzer auf die Website zur\u00fcckkehrt.<\/p>\n<p><strong>Erstanbieter-Cookies<\/strong><br \/>\nDiese Cookies sind f\u00fcr das ordnungsgem\u00e4\u00dfe Funktionieren der Website von Amber Tours unerl\u00e4sslich.<\/p>\n<p><strong>Cookies von Drittanbietern<\/strong><br \/>\nDies sind Cookies, die von anderen Organisationen \u00fcber unsere Website betrieben werden. In unserem Fall werden die auf der Amber Tours-Website verwendeten Google Analytics-Cookies verwendet, um den Website-Verkehr zu analysieren. Google Analytics sammelt anonyme Informationen \u00fcber die Anzahl der Benutzer, den Ort, von dem aus auf unsere Website zugegriffen wurde, und die von den Benutzern besuchten Teile der Website. Diese Cookies werden von Google Analytics erstellt. Um mehr \u00fcber Google Analytics zu erfahren, besuchen Sie bitte http:\/\/www.google.com\/analytics.<\/p>\n<p>Alle mithilfe von Cookies gesammelten Informationen werden gespeichert, bis diese Cookies ablaufen, und werden nicht f\u00fcr andere als die in dieser Richtlinie aufgef\u00fchrten Zwecke verwendet.<\/p>\n<p>&nbsp;<\/p>\n<p>Unsere Website enth\u00e4lt Links zu anderen Websites, die von Einzelpersonen, Unternehmen oder Organisationen betrieben werden. Bitte beachten Sie, dass Amber Tours nicht f\u00fcr den Inhalt oder die Datenschutzpraktiken verlinkter Websites verantwortlich ist. Wenn Sie auf diese Links klicken und diese anderen Websites aufrufen, sollten Sie die Datenschutzrichtlinien lesen, die m\u00f6glicherweise f\u00fcr diese Websites gelten.<\/p>\n<h2>Deine Rechte<\/h2>\n<p>Sie haben das Recht, Zugriff auf Ihre Daten zu verlangen, die wir mithilfe von Cookies gesammelt haben. Wenn Ihre personenbezogenen Daten unrichtig, unvollst\u00e4ndig oder nicht aktuell sind, haben Sie das Recht, sie berichtigen zu lassen.<\/p>\n<div><\/div>\n<p>Wenn Sie Fragen haben oder Ihre Rechte aus\u00fcben m\u00f6chten, wenden Sie sich bitte per E-Mail an info@ambertours.lt oder \u00fcber andere auf dieser Website angegebene Kan\u00e4le an uns.<\/p>\n","protected":false},"excerpt":{"rendered":"<p>Diese Datenschutz- und Cookie-Richtlinie (im Folgenden \u2013 die Richtlinie) gilt f\u00fcr alle Benutzer der Amber Tours-Website. Diese Richtlinie gilt nicht, wenn Sie Websites Dritter besuchen, auf die Sie \u00fcber die Amber Tours-Website zugegriffen haben. Wir sammeln Informationen \u00fcber unsere Website-Benutzer in \u00dcbereinstimmung mit dem Gesetz zum rechtlichen Schutz personenbezogener Daten der Republik Litauen, dem Gesetz<\/p>\n","protected":false},"author":1,"featured_media":0,"parent":0,"menu_order":0,"comment_status":"closed","ping_status":"closed","template":"","meta":{"inline_featured_image":false,"footnotes":""},"class_list":["post-2923","page","type-page","status-publish","hentry"],"_links":{"self":[{"href":"https:\/\/ambertoursturai.lt\/de\/wp-json\/wp\/v2\/pages\/2923","targetHints":{"allow":["GET"]}}],"collection":[{"href":"https:\/\/ambertoursturai.lt\/de\/wp-json\/wp\/v2\/pages"}],"about":[{"href":"https:\/\/ambertoursturai.lt\/de\/wp-json\/wp\/v2\/types\/page"}],"author":[{"embeddable":true,"href":"https:\/\/ambertoursturai.lt\/de\/wp-json\/wp\/v2\/users\/1"}],"replies":[{"embeddable":true,"href":"https:\/\/ambertoursturai.lt\/de\/wp-json\/wp\/v2\/comments?post=2923"}],"version-history":[{"count":1,"href":"https:\/\/ambertoursturai.lt\/de\/wp-json\/wp\/v2\/pages\/2923\/revisions"}],"predecessor-version":[{"id":2985,"href":"https:\/\/ambertoursturai.lt\/de\/wp-json\/wp\/v2\/pages\/2923\/revisions\/2985"}],"wp:attachment":[{"href":"https:\/\/ambertoursturai.lt\/de\/wp-json\/wp\/v2\/media?parent=2923"}],"curies":[{"name":"wp","href":"https:\/\/api.w.org\/{rel}","templated":true}]}}