{"id":2933,"date":"2023-03-03T14:27:14","date_gmt":"2023-03-03T14:27:14","guid":{"rendered":"https:\/\/ambertoursturai.lt\/product\/kulinarisches-genusspaket-ohne-trakai\/"},"modified":"2023-03-06T08:49:37","modified_gmt":"2023-03-06T08:49:37","slug":"kulinarisches-genusspaket-ohne-trakai","status":"publish","type":"product","link":"https:\/\/ambertoursturai.lt\/de\/produkt\/kulinarisches-genusspaket-ohne-trakai\/","title":{"rendered":"Kulinarisches Genusspaket ohne Trakai"},"content":{"rendered":"","protected":false},"excerpt":{"rendered":"<p><strong>Kulinarisches Genusspaket ohne Trakai<\/strong><\/p>\n<p>Verkostung von litauischen Snacks in Pakruojis (Schwarzbrot, Quarkk\u00e4se mit K\u00fcmmel, Schinken, Honig, Kastinys mit hei\u00dfen T\u00fcten, Kr\u00e4utertee und Kisielius), Verkostung von Melisse in Riga (50 ml Melisse + Kaffee + 1x Tr\u00fcffel)<\/p>\n<p>Preis pro Person<\/p>\n","protected":false},"featured_media":2886,"template":"","meta":{"inline_featured_image":false},"product_brand":[],"product_cat":[103,106],"product_tag":[],"class_list":{"0":"post-2933","1":"product","2":"type-product","3":"status-publish","4":"has-post-thumbnail","6":"product_cat-dienstleistungen","7":"product_cat-paket","8":"tm-no-options","10":"first","11":"instock","12":"shipping-taxable","13":"purchasable","14":"product-type-simple"},"_links":{"self":[{"href":"https:\/\/ambertoursturai.lt\/de\/wp-json\/wp\/v2\/product\/2933","targetHints":{"allow":["GET"]}}],"collection":[{"href":"https:\/\/ambertoursturai.lt\/de\/wp-json\/wp\/v2\/product"}],"about":[{"href":"https:\/\/ambertoursturai.lt\/de\/wp-json\/wp\/v2\/types\/product"}],"wp:featuredmedia":[{"embeddable":true,"href":"https:\/\/ambertoursturai.lt\/de\/wp-json\/wp\/v2\/media\/2886"}],"wp:attachment":[{"href":"https:\/\/ambertoursturai.lt\/de\/wp-json\/wp\/v2\/media?parent=2933"}],"wp:term":[{"taxonomy":"product_brand","embeddable":true,"href":"https:\/\/ambertoursturai.lt\/de\/wp-json\/wp\/v2\/product_brand?post=2933"},{"taxonomy":"product_cat","embeddable":true,"href":"https:\/\/ambertoursturai.lt\/de\/wp-json\/wp\/v2\/product_cat?post=2933"},{"taxonomy":"product_tag","embeddable":true,"href":"https:\/\/ambertoursturai.lt\/de\/wp-json\/wp\/v2\/product_tag?post=2933"}],"curies":[{"name":"wp","href":"https:\/\/api.w.org\/{rel}","templated":true}]}}